{"id":1273,"date":"2024-04-12T08:12:25","date_gmt":"2024-04-12T08:12:25","guid":{"rendered":"https:\/\/reverter.cloutions.com\/aviso-legal\/"},"modified":"2025-11-25T19:31:53","modified_gmt":"2025-11-25T19:31:53","slug":"avis-legal","status":"publish","type":"page","link":"https:\/\/reverterindustries.com\/ca\/avis-legal\/","title":{"rendered":"Av\u00eds Legal"},"content":{"rendered":"<h1 style=\"text-align: center;\">Av\u00eds Legal<\/h1>\n<p>En compliment del Cap\u00edtol II de la llei 34\/2002, LSSICE, l&#8217;informem que la present p\u00e0gina web \u00e9s propietat de <strong>REVERTER INDUSTRIES CORP S.A.<\/strong>\u00a0domiciliada en\u00a0CAM\u00cd\u00a0DE\u00a0VINAROS,\u00a0SN, 43530, ALCANAR, de TARRAGONA i amb CIF A43018167, amb tel\u00e8fon de contacte 977730071, i correu marta@reverterindustries.com.<\/p>\n<p>A l&#8217;efecte del que es preveu en la Llei org\u00e0nica de Protecci\u00f3 de Dades 15\/1999, de 13 de desembre, de Protecci\u00f3 de Dades de Car\u00e0cter Personal <strong>REVERTER INDUSTRIES CORP S.A.<\/strong>, l&#8217;informem que les dades que volunt\u00e0riament ens facilita seran incorporats a un fitxer mixt de dades de car\u00e0cter personal, declarat a l&#8217;Ag\u00e8ncia de Protecci\u00f3 de Dades, la finalitat de les quals \u00e9s la de realitzar les gestions comercials i administratives necess\u00e0ries en la relaci\u00f3 amb els clients que t\u00e9 implementades totes les mesures de seguretat establertes en el Reial decret 1720\/2007 de 21 de Desembre.<\/p>\n<p>El signant garanteix la veracitat de les dades aportades i es compromet a comunicar qualsevol canvi que es produeixi en els mateixos<\/p>\n<p>L&#8217;enviament de dades de car\u00e0cter personal \u00e9s obligatori per a contactar i rebre informaci\u00f3 sobre els productes i serveis de <strong>REVERTER INDUSTRIES CORP S.A.<\/strong><\/p>\n<p>El no facilitar les dades personals sol\u00b7licitades o el no acceptar la present pol\u00edtica de protecci\u00f3 de dades suposa la impossibilitat de subscriure&#8217;s, registrar-se o rebre informaci\u00f3 dels productes i serveis de <strong>REVERTER INDUSTRIES CORP S.A.<\/strong><\/p>\n<p>D&#8217;acord amb el que s&#8217;estableix en la Llei org\u00e0nica de Protecci\u00f3 de Dades,15\/1999, de 13 de desembre, l&#8217;informem que podr\u00e0 exercitar els seus drets d&#8217;Acc\u00e9s, Rectificaci\u00f3, Oposici\u00f3 i Cancel\u00b7laci\u00f3 dirigint una carta a <strong>REVERTER INDUSTRIES CORP S.A.<\/strong>amb domicili social en\u00a0CAM\u00cd\u00a0DE\u00a0VINAROS,\u00a0SN, 43530, ALCANAR, TARRAGONA, enviant un email a marta@reverterindustries.com o enviant un fax al , indicant com a Assumpte: \u201cLOPD, Drets ARC\u201d, i adjuntant fotoc\u00f2pia del seu DNI, tal com indica la llei.<\/p>\n<p>Per a exercir aquests drets, \u00e9s necessari que vost\u00e8 acrediti la seva personalitat mitjan\u00e7ant l&#8217;enviament de fotoc\u00f2pia de Document Nacional d&#8217;Identitat o qualsevol altre mitj\u00e0 v\u00e0lid en Dret.<\/p>\n<p><strong>REVERTER INDUSTRIES CORP S.A.<\/strong>no realitzar\u00e0 cessi\u00f3 de les seves dades a tercers. No obstant aix\u00f2, en el cas de ser cedits a alguna empresa es produiria una informaci\u00f3 pr\u00e8via al lliurament, sol\u00b7licitant el consentiment expr\u00e9s de l&#8217;afectat.<\/p>\n<p><strong>ACCEPTACI\u00d3 I CONSENTIMENT<\/strong><\/p>\n<p>L&#8217;Usuari declara haver estat informat de les condicions sobre protecci\u00f3 de dades de car\u00e0cter personal, acceptant i consentint el tractament automatitzat dels mateixos per part de <strong>REVERTER INDUSTRIES CORP S.A.<\/strong>\u00a0en la forma i per a les finalitats indicades en la present Pol\u00edtica de Protecci\u00f3 de Dades Personals.<\/p>\n<p>Per tant, en utilitzar aquest formulari per a contactar amb <strong>REVERTER INDUSTRIES CORP S.A.<\/strong> estic autoritzant expressament la utilitzaci\u00f3 de les meves dades per a l&#8217;enviament de comunicacions comercials, per qualsevol via (incl\u00f2s correu electr\u00f2nic), podent anul\u00b7lar aquesta autoritzaci\u00f3, quan ho desitgi, dirigint-me a <strong>REVERTER INDUSTRIES CORP S.A.<\/strong><\/p>\n<p><strong>CONTINGUT DE LA WEB I ENLLA\u00c7OS (LINKS)<\/strong><\/p>\n<p><strong>REVERTER INDUSTRIES CORP S.A.<\/strong> es reserva el dret a actualitzar, modificar o eliminar la informaci\u00f3 continguda en les seves p\u00e0gina Web, podent fins i tot limitar o no permetre l&#8217;acc\u00e9s a aquesta informaci\u00f3 a aquests usuaris.<\/p>\n<p><strong>REVERTER INDUSTRIES CORP S.A.<\/strong> no assumeix cap responsabilitat per la informaci\u00f3 continguda en p\u00e0gines Webs de tercers a les quals es pugui accedir per \u201clinks\u201d o enlla\u00e7os des de qualsevol p\u00e0gina Web propietat de <strong>REVERTER INDUSTRIES CORP S.A.<\/strong><\/p>\n<p>LA Pres\u00e8ncia de \u201clinks\u201d o enlla\u00e7os en les p\u00e0gines Web de <strong>REVERTER INDUSTRIES CORP S.A.<\/strong>t\u00e9 la finalitat merament informativa i en cap cas suposa suggeriment, invitaci\u00f3 o reconeixement sobre aquests.<\/p>\n<p><strong>PROPIETAT INTEL\u00b7LECTUAL I INDUSTRIAL<\/strong><\/p>\n<p>Els drets de propietat intel\u00b7lectual del contingut de les p\u00e0gines Web, el seu disseny gr\u00e0fic i codis s\u00f3n titularitat de <strong>REVERTER INDUSTRIES CORP S.A.<\/strong>\u00a0i per tant, queda prohibida la seva reproducci\u00f3, distribuci\u00f3, comunicaci\u00f3 p\u00fablica, transformaci\u00f3 o qualsevol altra activitat que es pugui realitzar amb els continguts de les seves p\u00e0gines Web ni encara citant les fonts, excepte consentiment per escrit de <strong>REVERTER INDUSTRIES CORP S.A.<\/strong><\/p>\n<p><strong>LEGISLACI\u00d3<\/strong><\/p>\n<p>Amb car\u00e0cter general les relacions entre <strong>REVERTER INDUSTRIES CORP S.A.<\/strong> amb els Usuaris dels seus serveis telem\u00e0tics, presents en aquest lloc web, es troben sotmeses a la legislaci\u00f3 i jurisdicci\u00f3 espanyoles.<\/p>\n","protected":false},"excerpt":{"rendered":"<p>Av\u00eds Legal En compliment del Cap\u00edtol II de la llei 34\/2002, LSSICE, l&#8217;informem que la present p\u00e0gina web \u00e9s propietat de REVERTER INDUSTRIES CORP S.A.\u00a0domiciliada en\u00a0CAM\u00cd\u00a0DE\u00a0VINAROS,\u00a0SN, 43530, ALCANAR, de TARRAGONA i amb CIF A43018167, amb tel\u00e8fon de contacte 977730071, i correu marta@reverterindustries.com. A l&#8217;efecte del que es preveu en la Llei org\u00e0nica de Protecci\u00f3 de [&hellip;]<\/p>\n","protected":false},"author":3,"featured_media":0,"parent":0,"menu_order":0,"comment_status":"closed","ping_status":"closed","template":"","meta":{"footnotes":""},"class_list":["post-1273","page","type-page","status-publish","hentry"],"yoast_head":"<!-- This site is optimized with the Yoast SEO plugin v27.3 - https:\/\/yoast.com\/product\/yoast-seo-wordpress\/ -->\n<title>Av\u00eds Legal - Reverter Industries<\/title>\n<meta name=\"robots\" content=\"noindex, nofollow\" \/>\n<meta property=\"og:locale\" content=\"ca_ES\" \/>\n<meta property=\"og:type\" content=\"article\" \/>\n<meta property=\"og:title\" content=\"Av\u00eds Legal - Reverter Industries\" \/>\n<meta property=\"og:description\" content=\"Av\u00eds Legal En compliment del Cap\u00edtol II de la llei 34\/2002, LSSICE, l&#8217;informem que la present p\u00e0gina web \u00e9s propietat de REVERTER INDUSTRIES CORP S.A.\u00a0domiciliada en\u00a0CAM\u00cd\u00a0DE\u00a0VINAROS,\u00a0SN, 43530, ALCANAR, de TARRAGONA i amb CIF A43018167, amb tel\u00e8fon de contacte 977730071, i correu marta@reverterindustries.com. A l&#8217;efecte del que es preveu en la Llei org\u00e0nica de Protecci\u00f3 de [&hellip;]\" \/>\n<meta property=\"og:url\" content=\"https:\/\/reverterindustries.com\/ca\/avis-legal\/\" \/>\n<meta property=\"og:site_name\" content=\"Reverter Industries\" \/>\n<meta property=\"article:modified_time\" content=\"2025-11-25T19:31:53+00:00\" \/>\n<meta name=\"twitter:card\" content=\"summary_large_image\" \/>\n<meta name=\"twitter:label1\" content=\"Temps estimat de lectura\" \/>\n\t<meta name=\"twitter:data1\" content=\"4 minuts\" \/>\n<script type=\"application\/ld+json\" class=\"yoast-schema-graph\">{\"@context\":\"https:\\\/\\\/schema.org\",\"@graph\":[{\"@type\":\"WebPage\",\"@id\":\"https:\\\/\\\/reverterindustries.com\\\/ca\\\/avis-legal\\\/\",\"url\":\"https:\\\/\\\/reverterindustries.com\\\/ca\\\/avis-legal\\\/\",\"name\":\"Av\u00eds Legal - Reverter Industries\",\"isPartOf\":{\"@id\":\"https:\\\/\\\/reverterindustries.com\\\/ca\\\/#website\"},\"datePublished\":\"2024-04-12T08:12:25+00:00\",\"dateModified\":\"2025-11-25T19:31:53+00:00\",\"breadcrumb\":{\"@id\":\"https:\\\/\\\/reverterindustries.com\\\/ca\\\/avis-legal\\\/#breadcrumb\"},\"inLanguage\":\"ca\",\"potentialAction\":[{\"@type\":\"ReadAction\",\"target\":[\"https:\\\/\\\/reverterindustries.com\\\/ca\\\/avis-legal\\\/\"]}]},{\"@type\":\"BreadcrumbList\",\"@id\":\"https:\\\/\\\/reverterindustries.com\\\/ca\\\/avis-legal\\\/#breadcrumb\",\"itemListElement\":[{\"@type\":\"ListItem\",\"position\":1,\"name\":\"Portada\",\"item\":\"https:\\\/\\\/reverterindustries.com\\\/ca\\\/\"},{\"@type\":\"ListItem\",\"position\":2,\"name\":\"Av\u00eds Legal\"}]},{\"@type\":\"WebSite\",\"@id\":\"https:\\\/\\\/reverterindustries.com\\\/ca\\\/#website\",\"url\":\"https:\\\/\\\/reverterindustries.com\\\/ca\\\/\",\"name\":\"Reverter Industries\",\"description\":\"\",\"potentialAction\":[{\"@type\":\"SearchAction\",\"target\":{\"@type\":\"EntryPoint\",\"urlTemplate\":\"https:\\\/\\\/reverterindustries.com\\\/ca\\\/?s={search_term_string}\"},\"query-input\":{\"@type\":\"PropertyValueSpecification\",\"valueRequired\":true,\"valueName\":\"search_term_string\"}}],\"inLanguage\":\"ca\"}]}<\/script>\n<!-- \/ Yoast SEO plugin. -->","yoast_head_json":{"title":"Av\u00eds Legal - Reverter Industries","robots":{"index":"noindex","follow":"nofollow"},"og_locale":"ca_ES","og_type":"article","og_title":"Av\u00eds Legal - Reverter Industries","og_description":"Av\u00eds Legal En compliment del Cap\u00edtol II de la llei 34\/2002, LSSICE, l&#8217;informem que la present p\u00e0gina web \u00e9s propietat de REVERTER INDUSTRIES CORP S.A.\u00a0domiciliada en\u00a0CAM\u00cd\u00a0DE\u00a0VINAROS,\u00a0SN, 43530, ALCANAR, de TARRAGONA i amb CIF A43018167, amb tel\u00e8fon de contacte 977730071, i correu marta@reverterindustries.com. A l&#8217;efecte del que es preveu en la Llei org\u00e0nica de Protecci\u00f3 de [&hellip;]","og_url":"https:\/\/reverterindustries.com\/ca\/avis-legal\/","og_site_name":"Reverter Industries","article_modified_time":"2025-11-25T19:31:53+00:00","twitter_card":"summary_large_image","twitter_misc":{"Temps estimat de lectura":"4 minuts"},"schema":{"@context":"https:\/\/schema.org","@graph":[{"@type":"WebPage","@id":"https:\/\/reverterindustries.com\/ca\/avis-legal\/","url":"https:\/\/reverterindustries.com\/ca\/avis-legal\/","name":"Av\u00eds Legal - Reverter Industries","isPartOf":{"@id":"https:\/\/reverterindustries.com\/ca\/#website"},"datePublished":"2024-04-12T08:12:25+00:00","dateModified":"2025-11-25T19:31:53+00:00","breadcrumb":{"@id":"https:\/\/reverterindustries.com\/ca\/avis-legal\/#breadcrumb"},"inLanguage":"ca","potentialAction":[{"@type":"ReadAction","target":["https:\/\/reverterindustries.com\/ca\/avis-legal\/"]}]},{"@type":"BreadcrumbList","@id":"https:\/\/reverterindustries.com\/ca\/avis-legal\/#breadcrumb","itemListElement":[{"@type":"ListItem","position":1,"name":"Portada","item":"https:\/\/reverterindustries.com\/ca\/"},{"@type":"ListItem","position":2,"name":"Av\u00eds Legal"}]},{"@type":"WebSite","@id":"https:\/\/reverterindustries.com\/ca\/#website","url":"https:\/\/reverterindustries.com\/ca\/","name":"Reverter Industries","description":"","potentialAction":[{"@type":"SearchAction","target":{"@type":"EntryPoint","urlTemplate":"https:\/\/reverterindustries.com\/ca\/?s={search_term_string}"},"query-input":{"@type":"PropertyValueSpecification","valueRequired":true,"valueName":"search_term_string"}}],"inLanguage":"ca"}]}},"_links":{"self":[{"href":"https:\/\/reverterindustries.com\/ca\/wp-json\/wp\/v2\/pages\/1273","targetHints":{"allow":["GET"]}}],"collection":[{"href":"https:\/\/reverterindustries.com\/ca\/wp-json\/wp\/v2\/pages"}],"about":[{"href":"https:\/\/reverterindustries.com\/ca\/wp-json\/wp\/v2\/types\/page"}],"author":[{"embeddable":true,"href":"https:\/\/reverterindustries.com\/ca\/wp-json\/wp\/v2\/users\/3"}],"replies":[{"embeddable":true,"href":"https:\/\/reverterindustries.com\/ca\/wp-json\/wp\/v2\/comments?post=1273"}],"version-history":[{"count":0,"href":"https:\/\/reverterindustries.com\/ca\/wp-json\/wp\/v2\/pages\/1273\/revisions"}],"wp:attachment":[{"href":"https:\/\/reverterindustries.com\/ca\/wp-json\/wp\/v2\/media?parent=1273"}],"curies":[{"name":"wp","href":"https:\/\/api.w.org\/{rel}","templated":true}]}}