{"id":1275,"date":"2024-04-12T08:13:16","date_gmt":"2024-04-12T08:13:16","guid":{"rendered":"https:\/\/reverter.cloutions.com\/politica-de-cookies\/"},"modified":"2025-11-25T19:28:55","modified_gmt":"2025-11-25T19:28:55","slug":"politica-de-cookies","status":"publish","type":"page","link":"https:\/\/reverterindustries.com\/ca\/politica-de-cookies\/","title":{"rendered":"Pol\u00edtica de Cookies"},"content":{"rendered":"<h1 style=\"text-align: center;\">Pol\u00edtica de cookies<\/h1>\n<p><strong>1.- ANTECEDENTS<\/strong><\/p>\n<p>De conformitat amb la normativa espanyola que regula l&#8217;\u00fas de cookies en relaci\u00f3 a la prestaci\u00f3 de serveis de comunicacions electr\u00f2niques, recollida en el Reial decret llei 13\/2012 del 30 de mar\u00e7, l&#8217;informem sobre les cookies utilitzades en el lloc web de <strong>REVERTER INDUSTRIES CORP S.A.<\/strong> i el motiu del seu \u00fas. Aix\u00ed mateix, l&#8217;informa que en navegar en el Lloc web vost\u00e8 est\u00e0 prestant el seu consentiment per a poder utilitzar-les.<\/p>\n<p><strong>2.- QU\u00c8 S\u00d3N LES COOKIES?<\/strong><\/p>\n<p>Una\u00a0cookie\u00a0\u00e9s un fitxer que es descarrega en el seu ordinador en accedir a determinades p\u00e0gines web. Les cookies permeten a una p\u00e0gina web, entre altres coses, emmagatzemar i recuperar informaci\u00f3 sobre els h\u00e0bits de navegaci\u00f3 d&#8217;un usuari o del seu equip i, depenent de la informaci\u00f3 que continguin i de la forma en qu\u00e8 utilitzi el seu equip, poden utilitzar-se per a recon\u00e8ixer a l&#8217;usuari.\u00a0Les cookies s&#8217;associen \u00fanicament a un usuari an\u00f2nim i el seu ordinador o dispositiu i no proporcionen refer\u00e8ncies que permetin con\u00e8ixer les seves dades personals.<\/p>\n<p><strong>3.- TIPUS DE COOKIES<\/strong><\/p>\n<p>1.-\u00a0Cookies pr\u00f2pies: S\u00f3n aquelles que s&#8217;envien a l&#8217;equip terminal de l&#8217;usuari des d&#8217;un equip o domini gestionat pel propi editor i des del qual es presta el servei Sol\u00b7licitat per l&#8217;usuari.<\/p>\n<p>2.-\u00a0Cookies de tercers: S\u00f3n aquelles que s&#8217;envien a l&#8217;equip terminal de l&#8217;usuari des d&#8217;un equip o domini que no \u00e9s gestionat per l&#8217;editor, sin\u00f3 per una altra entitat que tracta les dades obtingudes trav\u00e9s de les cookies.<\/p>\n<p>3.-\u00a0Cookies de sessi\u00f3:\u00a0S\u00f3n un tipus de cookies dissenyades per a recaptar i emmagatzemar dades mentre l&#8217;usuari accedeix a una p\u00e0gina web.<\/p>\n<p>4.-\u00a0Cookies persistents: S\u00f3n un tipus de cookies en el qual les dades segueixen emmagatzemats en el terminal i poden ser accedits i tractats durant un per\u00edode definit pel responsable de la\u00a0cookie, i que pot anar d&#8217;uns minuts a diversos anys.<\/p>\n<p>5.-\u00a0Cookies d&#8217;an\u00e0lisis: S\u00f3n aquelles que ben tractades per nosaltres o per tercers, ens permeten quantificar el nombre d&#8217;usuaris i aix\u00ed realitzar el mesurament i an\u00e0lisi estad\u00edstica de la utilitzaci\u00f3 que fan els usuaris del servei ofert. Per a aix\u00f2 s&#8217;analitza la seva navegaci\u00f3 en la nostra p\u00e0gina web amb la finalitat de millorar l&#8217;oferta de productes o serveis que li oferim.<\/p>\n<p>6.-\u00a0Cookies publicit\u00e0ries: S\u00f3n aquelles que permeten la gesti\u00f3, de la forma m\u00e9s efica\u00e7 possible, dels espais publicitaris que, si \u00e9s el cas, l&#8217;editor hagi incl\u00f2s en una p\u00e0gina web, aplicaci\u00f3 o plataforma des de la qual presta el servei sol\u00b7licitat sobre la base de criteris com el contingut editat o la freq\u00fc\u00e8ncia en la qual es mostren els anuncis.<\/p>\n<p>7.-\u00a0Cookies de publicitat comportamental: S\u00f3n aquelles que permeten la gesti\u00f3, de la forma m\u00e9s efica\u00e7 possible, dels espais publicitaris que, si \u00e9s el cas, l&#8217;editor hagi incl\u00f2s en una p\u00e0gina web, aplicaci\u00f3 o plataforma des de la qual presta el servei sol\u00b7licitat. Aquestes cookies emmagatzemen informaci\u00f3 del comportament dels usuaris obtinguda a trav\u00e9s de l&#8217;observaci\u00f3 continuada dels seus h\u00e0bits de navegaci\u00f3, la qual cosa permet desenvolupar un perfil espec\u00edfic per a mostrar publicitat en funci\u00f3 d&#8217;aquest. Aix\u00ed mateix, \u00e9s possible que en visitar alguna p\u00e0gina web o en obrir algun email on es publiqui algun anunci o alguna promoci\u00f3 sobre els nostres productes o serveis s&#8217;instal\u00b7li en el teu navegador alguna\u00a0cookie\u00a0que ens serveix per a mostrar-te posteriorment publicitat relacionada amb la cerca que hagis realitzat, desenvolupar un control dels nostres anuncis en relaci\u00f3, per exemple, amb el nombre de vegades que s\u00f3n vists, on apareixen, al fet que hora es veuen, etc.<\/p>\n<p><strong>4.- REVOCACI\u00d3 I\u00a0ELIMINACION\u00a0DE COOKIES<\/strong><\/p>\n<p>En tot moment podr\u00e0 accedir a la configuraci\u00f3 del seu navegador\u00a0acceptant o rebutjant totes les cookies, o b\u00e9 seleccionar aquelles la instal\u00b7laci\u00f3 de les quals admet i quins no, seguint un dels seg\u00fcents procediments, que dep\u00e8n del navegador que utilitzi:<\/p>\n<p>\u2013\u00a0Microsoft Internet Explorer<\/p>\n<p>\u2013\u00a0Mozilla\u00a0Firefox<\/p>\n<p>\u2013\u00a0Chrome<\/p>\n<p>\u2013\u00a0Safari<\/p>\n<p>\u2013\u00a0Opera<\/p>\n<p><strong>5.- TIPUS DE COOKIES UTILITZADES PER AQUEST LLOC WEB<\/strong><\/p>\n<p>Les cookies utilitzades en el nostre lloc web, s\u00f3n de sessi\u00f3 i de tercers, i ens permeten emmagatzemar i accedir a informaci\u00f3 relativa a l&#8217;idioma, el tipus de navegador utilitzat, i altres caracter\u00edstiques generals predefinides per l&#8217;usuari, aix\u00ed com, seguir i analitzar l&#8217;activitat que duu a terme, a fi d&#8217;introduir millores i prestar els nostres serveis d&#8217;una manera m\u00e9s eficient i personalitzada. reabocar <strong>REVERTER INDUSTRIES CORP S.A.<\/strong> no utilitza cookies publicit\u00e0ries o de publicitat comportamental.<\/p>\n<p>La utilitzaci\u00f3 de les\u00a0cookies\u00a0ofereix avantatges en la prestaci\u00f3 de serveis dins del que es coneix com la societat de la informaci\u00f3, ja que, facilita a l&#8217;usuari la navegaci\u00f3 i l&#8217;acc\u00e9s als diferents serveis que ofereix aquest lloc web; evita a l&#8217;usuari haver de configurar les caracter\u00edstiques generals predefinides cada vegada que accedeix al lloc web; afavoreix la millora del funcionament i dels serveis prestats a trav\u00e9s d&#8217;aquest lloc web, despr\u00e9s de la corresponent an\u00e0lisi de la informaci\u00f3 obtinguda a trav\u00e9s de les\u00a0cookies\u00a0instal\u00b7lades.<\/p>\n<p><strong>COOKIES DE TERCERS\u00a0<\/strong><\/p>\n<p>(Que usem o poden activar-se amb algunes funcionalitats)<\/p>\n<table>\n<tbody>\n<tr>\n<td colspan=\"4\"><span style=\"font-size: 16px;\">COOKIES DE TERCEROS<\/span><\/p>\n<p>(Que usem o poden activar-se amb algunes funcionalitats)<\/td>\n<\/tr>\n<tr>\n<td colspan=\"2\"><span style=\"font-size: 16px;\">Cookies<\/span><\/td>\n<td><span style=\"font-size: 16px;\">Finalitat<\/span><\/td>\n<td><span style=\"font-size: 16px;\">Opt-out<\/span><\/td>\n<\/tr>\n<tr>\n<td><span style=\"font-size: 16px;\">Galetes d&#8217;An\u00e0lisi<\/span><\/td>\n<td><span style=\"font-size: 16px;\">Google Analytics<\/span><\/td>\n<td>La informaci\u00f3 que genera la galeta sobre el seu \u00fas de la Web (incloent la seva adre\u00e7a IP) ser\u00e0 directament transmesa i arxivada per Google als servidors dels Estats Units. Google utilitzar\u00e0 aquesta informaci\u00f3 amb el prop\u00f2sit de seguir la pista de l&#8217;\u00fas del web, recopilant informes d&#8217;activitat i prestant altres serveis relacionats amb l&#8217;activitat i l&#8217;\u00fas d&#8217;Internet. Google no associar\u00e0 la vostra adre\u00e7a IP amb cap altre dat del qual disposi Google.<\/td>\n<td><span style=\"font-size: 16px;\">https:\/\/tools.google.com\/dlpage\/gaoptout<\/span><\/td>\n<\/tr>\n<tr>\n<td><span style=\"font-size: 16px;\">Cookies de publicitat comportamental<\/span><\/td>\n<td><span style=\"font-size: 16px;\">Google<\/span><\/td>\n<td>Analitzen el comportament dels usuaris de forma an\u00f2nima i ens permeten poder utilitzar serveis necessaris per al funcionament correcte del web i de totes les seves funcionalitats<\/td>\n<td><span style=\"font-size: 16px;\">http:\/\/www.google.es\/intl\/es\/policies\/technologies\/types\/<\/span><\/td>\n<\/tr>\n<tr>\n<td rowspan=\"4\"><span style=\"font-size: 16px;\">Galetes de Xarxes Socials Externes<\/span><\/td>\n<td><span style=\"font-size: 16px;\">YouTube<\/span><\/td>\n<td>YouTube proporciona botons i altres funcionalitats perqu\u00e8 puguis compartir enlla\u00e7os a la nostra web. La informaci\u00f3 enviada fora de la UE a YouTube, s\u00f3n utilitzades per YouTube d&#8217;acord amb les seves pol\u00edtiques de privadesa.<\/td>\n<td><span style=\"font-size: 16px;\">https:\/\/www.google.com\/intl\/es\/policies\/technologies\/types\/<\/span><\/td>\n<\/tr>\n<tr>\n<td><span style=\"font-size: 16px;\">Facebook<\/span><\/td>\n<td>Facebook proporciona botons i altres funcionalitats perqu\u00e8 puguis compartir enlla\u00e7os a la nostra web al teu perfil. La informaci\u00f3 enviada fora de la UE a Facebook, relativa a les p\u00e0gines que has visitat o sobre les coses que t&#8217;interessen, s\u00f3n utilitzades per Facebook d&#8217;acord amb les seves pol\u00edtiques de privadesa.<\/td>\n<td><span style=\"font-size: 16px;\">https:\/\/www.facebook.com\/policies\/cookies\/<\/span><\/td>\n<\/tr>\n<tr>\n<td><span style=\"font-size: 16px;\">Twitter<\/span><\/td>\n<td>Twitter proporciona botons i altres funcionalitats perqu\u00e8 puguis compartir enlla\u00e7os a la nostra web. La informaci\u00f3 enviada fora de la UE a Twitter, s\u00f3n utilitzades per Twitter conforme les seves pol\u00edtiques de privadesa.<\/td>\n<td><span style=\"font-size: 16px;\">https:\/\/twitter.com\/privacy?lang=es<\/span><\/td>\n<\/tr>\n<tr>\n<td><span style=\"font-size: 16px;\">LinkedIn<\/span><\/td>\n<td>Linkedin proporciona botons i altres funcionalitats perqu\u00e8 puguis compartir enlla\u00e7os a la nostra web al teu perfil. La informaci\u00f3 enviada fora de la UE a Linkedin, relativa a les p\u00e0gines que has visitat o sobre les coses que t&#8217;interessen, s\u00f3n utilitzades per Linkedin d&#8217;acord amb les seves pol\u00edtiques de privadesa.<\/td>\n<td><span style=\"font-size: 16px;\">https:\/\/www.linkedin.com\/legal\/cookie-policy?trk=hb_ft_cookie<\/span><\/td>\n<\/tr>\n<\/tbody>\n<\/table>\n","protected":false},"excerpt":{"rendered":"<p>Pol\u00edtica de cookies 1.- ANTECEDENTS De conformitat amb la normativa espanyola que regula l&#8217;\u00fas de cookies en relaci\u00f3 a la prestaci\u00f3 de serveis de comunicacions electr\u00f2niques, recollida en el Reial decret llei 13\/2012 del 30 de mar\u00e7, l&#8217;informem sobre les cookies utilitzades en el lloc web de REVERTER INDUSTRIES CORP S.A. i el motiu del [&hellip;]<\/p>\n","protected":false},"author":3,"featured_media":0,"parent":0,"menu_order":0,"comment_status":"closed","ping_status":"closed","template":"","meta":{"footnotes":""},"class_list":["post-1275","page","type-page","status-publish","hentry"],"yoast_head":"<!-- This site is optimized with the Yoast SEO plugin v27.4 - https:\/\/yoast.com\/product\/yoast-seo-wordpress\/ -->\n<title>Pol\u00edtica de Cookies - Reverter Industries<\/title>\n<meta name=\"robots\" content=\"noindex, nofollow\" \/>\n<meta property=\"og:locale\" content=\"ca_ES\" \/>\n<meta property=\"og:type\" content=\"article\" \/>\n<meta property=\"og:title\" content=\"Pol\u00edtica de Cookies - Reverter Industries\" \/>\n<meta property=\"og:description\" content=\"Pol\u00edtica de cookies 1.- ANTECEDENTS De conformitat amb la normativa espanyola que regula l&#8217;\u00fas de cookies en relaci\u00f3 a la prestaci\u00f3 de serveis de comunicacions electr\u00f2niques, recollida en el Reial decret llei 13\/2012 del 30 de mar\u00e7, l&#8217;informem sobre les cookies utilitzades en el lloc web de REVERTER INDUSTRIES CORP S.A. i el motiu del [&hellip;]\" \/>\n<meta property=\"og:url\" content=\"https:\/\/reverterindustries.com\/ca\/politica-de-cookies\/\" \/>\n<meta property=\"og:site_name\" content=\"Reverter Industries\" \/>\n<meta property=\"article:modified_time\" content=\"2025-11-25T19:28:55+00:00\" \/>\n<meta name=\"twitter:card\" content=\"summary_large_image\" \/>\n<meta name=\"twitter:label1\" content=\"Temps estimat de lectura\" \/>\n\t<meta name=\"twitter:data1\" content=\"6 minuts\" \/>\n<script type=\"application\/ld+json\" class=\"yoast-schema-graph\">{\"@context\":\"https:\\\/\\\/schema.org\",\"@graph\":[{\"@type\":\"WebPage\",\"@id\":\"https:\\\/\\\/reverterindustries.com\\\/ca\\\/politica-de-cookies\\\/\",\"url\":\"https:\\\/\\\/reverterindustries.com\\\/ca\\\/politica-de-cookies\\\/\",\"name\":\"Pol\u00edtica de Cookies - Reverter Industries\",\"isPartOf\":{\"@id\":\"https:\\\/\\\/reverterindustries.com\\\/ca\\\/#website\"},\"datePublished\":\"2024-04-12T08:13:16+00:00\",\"dateModified\":\"2025-11-25T19:28:55+00:00\",\"breadcrumb\":{\"@id\":\"https:\\\/\\\/reverterindustries.com\\\/ca\\\/politica-de-cookies\\\/#breadcrumb\"},\"inLanguage\":\"ca\",\"potentialAction\":[{\"@type\":\"ReadAction\",\"target\":[\"https:\\\/\\\/reverterindustries.com\\\/ca\\\/politica-de-cookies\\\/\"]}]},{\"@type\":\"BreadcrumbList\",\"@id\":\"https:\\\/\\\/reverterindustries.com\\\/ca\\\/politica-de-cookies\\\/#breadcrumb\",\"itemListElement\":[{\"@type\":\"ListItem\",\"position\":1,\"name\":\"Portada\",\"item\":\"https:\\\/\\\/reverterindustries.com\\\/ca\\\/\"},{\"@type\":\"ListItem\",\"position\":2,\"name\":\"Pol\u00edtica de Cookies\"}]},{\"@type\":\"WebSite\",\"@id\":\"https:\\\/\\\/reverterindustries.com\\\/ca\\\/#website\",\"url\":\"https:\\\/\\\/reverterindustries.com\\\/ca\\\/\",\"name\":\"Reverter Industries\",\"description\":\"\",\"potentialAction\":[{\"@type\":\"SearchAction\",\"target\":{\"@type\":\"EntryPoint\",\"urlTemplate\":\"https:\\\/\\\/reverterindustries.com\\\/ca\\\/?s={search_term_string}\"},\"query-input\":{\"@type\":\"PropertyValueSpecification\",\"valueRequired\":true,\"valueName\":\"search_term_string\"}}],\"inLanguage\":\"ca\"}]}<\/script>\n<!-- \/ Yoast SEO plugin. -->","yoast_head_json":{"title":"Pol\u00edtica de Cookies - Reverter Industries","robots":{"index":"noindex","follow":"nofollow"},"og_locale":"ca_ES","og_type":"article","og_title":"Pol\u00edtica de Cookies - Reverter Industries","og_description":"Pol\u00edtica de cookies 1.- ANTECEDENTS De conformitat amb la normativa espanyola que regula l&#8217;\u00fas de cookies en relaci\u00f3 a la prestaci\u00f3 de serveis de comunicacions electr\u00f2niques, recollida en el Reial decret llei 13\/2012 del 30 de mar\u00e7, l&#8217;informem sobre les cookies utilitzades en el lloc web de REVERTER INDUSTRIES CORP S.A. i el motiu del [&hellip;]","og_url":"https:\/\/reverterindustries.com\/ca\/politica-de-cookies\/","og_site_name":"Reverter Industries","article_modified_time":"2025-11-25T19:28:55+00:00","twitter_card":"summary_large_image","twitter_misc":{"Temps estimat de lectura":"6 minuts"},"schema":{"@context":"https:\/\/schema.org","@graph":[{"@type":"WebPage","@id":"https:\/\/reverterindustries.com\/ca\/politica-de-cookies\/","url":"https:\/\/reverterindustries.com\/ca\/politica-de-cookies\/","name":"Pol\u00edtica de Cookies - Reverter Industries","isPartOf":{"@id":"https:\/\/reverterindustries.com\/ca\/#website"},"datePublished":"2024-04-12T08:13:16+00:00","dateModified":"2025-11-25T19:28:55+00:00","breadcrumb":{"@id":"https:\/\/reverterindustries.com\/ca\/politica-de-cookies\/#breadcrumb"},"inLanguage":"ca","potentialAction":[{"@type":"ReadAction","target":["https:\/\/reverterindustries.com\/ca\/politica-de-cookies\/"]}]},{"@type":"BreadcrumbList","@id":"https:\/\/reverterindustries.com\/ca\/politica-de-cookies\/#breadcrumb","itemListElement":[{"@type":"ListItem","position":1,"name":"Portada","item":"https:\/\/reverterindustries.com\/ca\/"},{"@type":"ListItem","position":2,"name":"Pol\u00edtica de Cookies"}]},{"@type":"WebSite","@id":"https:\/\/reverterindustries.com\/ca\/#website","url":"https:\/\/reverterindustries.com\/ca\/","name":"Reverter Industries","description":"","potentialAction":[{"@type":"SearchAction","target":{"@type":"EntryPoint","urlTemplate":"https:\/\/reverterindustries.com\/ca\/?s={search_term_string}"},"query-input":{"@type":"PropertyValueSpecification","valueRequired":true,"valueName":"search_term_string"}}],"inLanguage":"ca"}]}},"_links":{"self":[{"href":"https:\/\/reverterindustries.com\/ca\/wp-json\/wp\/v2\/pages\/1275","targetHints":{"allow":["GET"]}}],"collection":[{"href":"https:\/\/reverterindustries.com\/ca\/wp-json\/wp\/v2\/pages"}],"about":[{"href":"https:\/\/reverterindustries.com\/ca\/wp-json\/wp\/v2\/types\/page"}],"author":[{"embeddable":true,"href":"https:\/\/reverterindustries.com\/ca\/wp-json\/wp\/v2\/users\/3"}],"replies":[{"embeddable":true,"href":"https:\/\/reverterindustries.com\/ca\/wp-json\/wp\/v2\/comments?post=1275"}],"version-history":[{"count":0,"href":"https:\/\/reverterindustries.com\/ca\/wp-json\/wp\/v2\/pages\/1275\/revisions"}],"wp:attachment":[{"href":"https:\/\/reverterindustries.com\/ca\/wp-json\/wp\/v2\/media?parent=1275"}],"curies":[{"name":"wp","href":"https:\/\/api.w.org\/{rel}","templated":true}]}}