{"id":1279,"date":"2024-04-09T14:55:27","date_gmt":"2024-04-09T14:55:27","guid":{"rendered":"https:\/\/reverter.cloutions.com\/politica-de-privacidad\/"},"modified":"2025-11-25T19:29:52","modified_gmt":"2025-11-25T19:29:52","slug":"politica-de-privadesa","status":"publish","type":"page","link":"https:\/\/reverterindustries.com\/ca\/politica-de-privadesa\/","title":{"rendered":"Pol\u00edtica de Privadesa"},"content":{"rendered":"\r\n<h1 class=\"wp-block-heading\" style=\"text-align: center;\" align=\"left\">Pol\u00edtica de Privadesa<\/h1>\r\n<h3>Protecci\u00f3 de dades de car\u00e0cter personal<\/h3>\r\n<p>A trav\u00e9s de la present pol\u00edtica de privacitat reabocar INDUSTRIES CORP S. a. desitja informar a totes les persones que naveguin i accedeixin al lloc web www.reverterindustries.com sobre els tractaments de dades personals realitzades.<\/p>\r\n<p>L&#8217;acc\u00e9s al lloc web no requereix un registre previ. En qualsevol cas, l&#8217;Usuari amb la seva navegaci\u00f3 accepta \u00edntegrament la present pol\u00edtica de privacitat i pol\u00edtica de cookies.<\/p>\r\n<p>Abans de l&#8217;enviament de qualsevol sol\u00b7licitud d&#8217;informaci\u00f3 a trav\u00e9s del formulari de contacte d&#8217;aquesta p\u00e0gina web, l&#8217;usuari ha d&#8217;acceptar la pol\u00edtica de privacitat, amb la finalitat de prestar el consentiment expr\u00e9s i informat pel tractament de les dades amb les finalitats indicades.<\/p>\r\n<p>De conformitat amb el Reglament (UE) 2016\/679, de 27 d&#8217;abril de 2016, relatiu a la protecci\u00f3 de les persones f\u00edsiques pel que fa al tractament de dades personals i a la lliure circulaci\u00f3 d&#8217;aquestes dades i subsidi\u00e0riament en el no regulat, el Reial decret 1720\/2007, de 21 de desembre, pel qual s&#8217;aprova el Reglament de desenvolupament de la Llei org\u00e0nica 15\/1999, de 13 de desembre de Protecci\u00f3 de Dades de Car\u00e0cter Personal, reabocar <strong>REVERTER INDUSTRIES CORP S.A.<\/strong><\/p>\r\n<p><strong>Responsable de l&#8217;arxiu:<\/strong><\/p>\r\n<p>La societat, L&#8217;Empresa:<\/p>\r\n<p><strong>REVERTER INDUSTRIES CORP S.A.<\/strong><\/p>\r\n<p>Adre\u00e7a: CAM\u00cd DE VINAROS, SN, 43530, ALCANAR, de TARRAGONA<br \/>CIF: A43018167<br \/>Tel\u00e8fon: 977730071<br \/>Correu electr\u00f2nic: marta@reverterindustries.com<\/p>\r\n<p>Des d&#8217;ara d&#8217;ara endavant \u00a8L&#8217;Empresa\u00a8<\/p>\r\n<p><strong>Finalitat i conservaci\u00f3 de les dades:<\/strong> L&#8217;empresa tractar\u00e0 les dades dels Usuaris conforme a les seg\u00fcents finalitats:<\/p>\r\n<p>Gestionar l&#8217;\u00fas de les funcionalitats posades a disposici\u00f3 a trav\u00e9s del Lloc web. Les dades tractades a aquest efecte es conservaran mentre es mantingui la relaci\u00f3 contractual i\/o mercantil entre l&#8217;Usuari i L&#8217;Empresa. En cas que les sol\u00b7licituds efectuades per un usuari no mantinguin una relaci\u00f3 contractual, les dades es conservaran fins a haver resolt aquesta sol\u00b7licitud.<\/p>\r\n<p>Donar curs a les sol\u00b7licituds d&#8217;ocupaci\u00f3 i gestionar els processos de selecci\u00f3. Les dades tractades per a aquest fi es conservaran com a m\u00e0xim durant 1 any des de la seva recepci\u00f3 o finalitzaci\u00f3 del proc\u00e9s de selecci\u00f3.<\/p>\r\n<p>Mantenir informats als usuaris mitjan\u00e7ant comunicacions comercials sobre serveis i novetats de L&#8217;Empresa. L&#8217;Usuari nom\u00e9s rebr\u00e0 aquestes comunicacions comercials en cas d&#8217;acceptaci\u00f3, marcant la casella corresponent.<\/p>\r\n<p>Aquestes dades nom\u00e9s seran tractats fins al moment en qu\u00e8 l&#8217;Usuari retiri el seu consentiment o exerceixi el dret d&#8217;oposici\u00f3.<\/p>\r\n<p><strong>Destinataris: Les dades dels usuaris no se cediran a tercers a excepci\u00f3 d&#8217;obligaci\u00f3 legal.<\/strong><\/p>\r\n<p>Drets: En qualsevol moment l&#8217;Usuari podr\u00e0 exercir gratu\u00eftament els seus drets d&#8217;acc\u00e9s, rectificaci\u00f3, oposici\u00f3 i supressi\u00f3 de dades, aix\u00ed com els altres drets regulats en el Reglament (UE) 679\/2016, aix\u00f2 \u00e9s, el dret a la portabilitat i la limitaci\u00f3 del tractament, mitjan\u00e7ant escrit acompanyat de c\u00f2pia del DNI o document v\u00e0lid que li identifiqui en L&#8217;Empresa en el domicili CAM\u00cd DE VINAROS, SN, 43530, ALCANAR, de TARRAGONA (Ref. Protecci\u00f3 de Dades), o en la seg\u00fcent adre\u00e7a de correu electr\u00f2nic marta@reverterindustries.com. L&#8217;Empresa informa l&#8217;Usuari que, si ho estima oport\u00fa, t\u00e9 dret a presentar una reclamaci\u00f3 davant la corresponent autoritat de control.<\/p>\r\n<p><strong>\u00c9s obligatori proporcionar tota la informaci\u00f3 sol\u00b7licitada en l&#8217;apartat de contacte?<\/strong><\/p>\r\n<p>Quant als formularis del Lloc web, l&#8217;Usuari ha d&#8217;emplenar els marcats com \u201crequerit\u201d. No completar les dades personals requerides o fer-ho parcialment pot suposar que L&#8217;Empresa no pugui atendre les seves sol\u00b7licituds i, en conseq\u00fc\u00e8ncia, L&#8217;Empresa quedar\u00e0 exonerada de tota responsabilitat per la no prestaci\u00f3 o prestaci\u00f3 incompleta dels serveis sol\u00b7licitats.<\/p>\r\n<p>Les dades personals que l&#8217;Usuari facilita a l&#8217;Empresa han de ser actuals perqu\u00e8 la informaci\u00f3 dels registres estigui actualitzada i sense errors. L&#8217;Usuari respondr\u00e0 de la veracitat de les dades facilitades.<\/p>\r\n<p>Menors d&#8217;edat: Els menors de 14 anys no poden cedir les seves dades personals a l&#8217;Empresa sense el consentiment dels seus pares i\/o tutors legals.<\/p>\r\n<p>En cas que L&#8217;Empresa detect\u00e9s que l&#8217;Usuari fos menor de 14 anys, es reserva el dret a sol\u00b7licitar c\u00f2pia del seu DNI o document d&#8217;identitat equivalent, o si \u00e9s el cas, l&#8217;autoritzaci\u00f3 dels seus pares i\/o tutors legals, sent baixa en cas de no acreditar el compliment d&#8217;aquest requisit o falta de resposta.<\/p>\r\n<p><strong>Quines mesures de seguretat t\u00e9 implantada l&#8217;empresa?<\/strong><\/p>\r\n<p>L&#8217;Empresa informa que el tractament que realitza de dades personals es realitza en tot moment de conformitat amb la normativa aplicable en mat\u00e8ria de protecci\u00f3 de dades i serveis de la societat de la informaci\u00f3.<\/p>\r\n<p>L&#8217;Empresa t\u00e9 implantades les mesures de seguretat d&#8217;\u00edndole t\u00e8cnica i organitzatives necess\u00e0ries que garanteixin la seguretat de les dades de car\u00e0cter personal de l&#8217;Usuari i evitin la seva alteraci\u00f3, p\u00e8rdua, tractament i\/o acc\u00e9s no autoritzat d&#8217;acord amb l&#8217;estat de la tecnologia, la naturalesa de les dades emmagatzemades i els riscos als quals estan exposats, ja provinguin de l&#8217;acci\u00f3 humana o del medi f\u00edsic o natural, de conformitat amb el que preveu la normativa vigent.<\/p>\r\n<p><strong>Xarxes socials<\/strong><\/p>\r\n<p>L&#8217;Empresa disposa de perfils en les xarxes socials amb la finalitat de publicar i difondre informaci\u00f3 sobre els serveis prestats a trav\u00e9s de la p\u00e0gina web, interactuar amb els usuaris i oferir el canal d&#8217;atenci\u00f3 i interacci\u00f3 social.<\/p>\r\n<p>A continuaci\u00f3 se citen les xarxes socials en les quals L&#8217;Empresa t\u00e9 perfil obert amb el nom comercial Reverter Industries s\u00f3n:<\/p>\r\n<p>Youtube Linkedin<\/p>","protected":false},"excerpt":{"rendered":"<p>Pol\u00edtica de Privadesa Protecci\u00f3 de dades de car\u00e0cter personal A trav\u00e9s de la present pol\u00edtica de privacitat reabocar INDUSTRIES CORP S. a. desitja informar a totes les persones que naveguin i accedeixin al lloc web www.reverterindustries.com sobre els tractaments de dades personals realitzades. L&#8217;acc\u00e9s al lloc web no requereix un registre previ. En qualsevol cas, [&hellip;]<\/p>\n","protected":false},"author":3,"featured_media":0,"parent":0,"menu_order":0,"comment_status":"closed","ping_status":"closed","template":"","meta":{"footnotes":""},"class_list":["post-1279","page","type-page","status-publish","hentry"],"yoast_head":"<!-- This site is optimized with the Yoast SEO plugin v27.4 - https:\/\/yoast.com\/product\/yoast-seo-wordpress\/ -->\n<title>Pol\u00edtica de Privadesa - Reverter Industries<\/title>\n<meta name=\"robots\" content=\"noindex, nofollow\" \/>\n<meta property=\"og:locale\" content=\"ca_ES\" \/>\n<meta property=\"og:type\" content=\"article\" \/>\n<meta property=\"og:title\" content=\"Pol\u00edtica de Privadesa - Reverter Industries\" \/>\n<meta property=\"og:description\" content=\"Pol\u00edtica de Privadesa Protecci\u00f3 de dades de car\u00e0cter personal A trav\u00e9s de la present pol\u00edtica de privacitat reabocar INDUSTRIES CORP S. a. desitja informar a totes les persones que naveguin i accedeixin al lloc web www.reverterindustries.com sobre els tractaments de dades personals realitzades. L&#8217;acc\u00e9s al lloc web no requereix un registre previ. En qualsevol cas, [&hellip;]\" \/>\n<meta property=\"og:url\" content=\"https:\/\/reverterindustries.com\/ca\/politica-de-privadesa\/\" \/>\n<meta property=\"og:site_name\" content=\"Reverter Industries\" \/>\n<meta property=\"article:modified_time\" content=\"2025-11-25T19:29:52+00:00\" \/>\n<meta name=\"twitter:card\" content=\"summary_large_image\" \/>\n<meta name=\"twitter:label1\" content=\"Temps estimat de lectura\" \/>\n\t<meta name=\"twitter:data1\" content=\"4 minuts\" \/>\n<script type=\"application\/ld+json\" class=\"yoast-schema-graph\">{\"@context\":\"https:\\\/\\\/schema.org\",\"@graph\":[{\"@type\":\"WebPage\",\"@id\":\"https:\\\/\\\/reverterindustries.com\\\/ca\\\/politica-de-privadesa\\\/\",\"url\":\"https:\\\/\\\/reverterindustries.com\\\/ca\\\/politica-de-privadesa\\\/\",\"name\":\"Pol\u00edtica de Privadesa - Reverter Industries\",\"isPartOf\":{\"@id\":\"https:\\\/\\\/reverterindustries.com\\\/ca\\\/#website\"},\"datePublished\":\"2024-04-09T14:55:27+00:00\",\"dateModified\":\"2025-11-25T19:29:52+00:00\",\"breadcrumb\":{\"@id\":\"https:\\\/\\\/reverterindustries.com\\\/ca\\\/politica-de-privadesa\\\/#breadcrumb\"},\"inLanguage\":\"ca\",\"potentialAction\":[{\"@type\":\"ReadAction\",\"target\":[\"https:\\\/\\\/reverterindustries.com\\\/ca\\\/politica-de-privadesa\\\/\"]}]},{\"@type\":\"BreadcrumbList\",\"@id\":\"https:\\\/\\\/reverterindustries.com\\\/ca\\\/politica-de-privadesa\\\/#breadcrumb\",\"itemListElement\":[{\"@type\":\"ListItem\",\"position\":1,\"name\":\"Portada\",\"item\":\"https:\\\/\\\/reverterindustries.com\\\/ca\\\/\"},{\"@type\":\"ListItem\",\"position\":2,\"name\":\"Pol\u00edtica de Privadesa\"}]},{\"@type\":\"WebSite\",\"@id\":\"https:\\\/\\\/reverterindustries.com\\\/ca\\\/#website\",\"url\":\"https:\\\/\\\/reverterindustries.com\\\/ca\\\/\",\"name\":\"Reverter Industries\",\"description\":\"\",\"potentialAction\":[{\"@type\":\"SearchAction\",\"target\":{\"@type\":\"EntryPoint\",\"urlTemplate\":\"https:\\\/\\\/reverterindustries.com\\\/ca\\\/?s={search_term_string}\"},\"query-input\":{\"@type\":\"PropertyValueSpecification\",\"valueRequired\":true,\"valueName\":\"search_term_string\"}}],\"inLanguage\":\"ca\"}]}<\/script>\n<!-- \/ Yoast SEO plugin. -->","yoast_head_json":{"title":"Pol\u00edtica de Privadesa - Reverter Industries","robots":{"index":"noindex","follow":"nofollow"},"og_locale":"ca_ES","og_type":"article","og_title":"Pol\u00edtica de Privadesa - Reverter Industries","og_description":"Pol\u00edtica de Privadesa Protecci\u00f3 de dades de car\u00e0cter personal A trav\u00e9s de la present pol\u00edtica de privacitat reabocar INDUSTRIES CORP S. a. desitja informar a totes les persones que naveguin i accedeixin al lloc web www.reverterindustries.com sobre els tractaments de dades personals realitzades. L&#8217;acc\u00e9s al lloc web no requereix un registre previ. En qualsevol cas, [&hellip;]","og_url":"https:\/\/reverterindustries.com\/ca\/politica-de-privadesa\/","og_site_name":"Reverter Industries","article_modified_time":"2025-11-25T19:29:52+00:00","twitter_card":"summary_large_image","twitter_misc":{"Temps estimat de lectura":"4 minuts"},"schema":{"@context":"https:\/\/schema.org","@graph":[{"@type":"WebPage","@id":"https:\/\/reverterindustries.com\/ca\/politica-de-privadesa\/","url":"https:\/\/reverterindustries.com\/ca\/politica-de-privadesa\/","name":"Pol\u00edtica de Privadesa - Reverter Industries","isPartOf":{"@id":"https:\/\/reverterindustries.com\/ca\/#website"},"datePublished":"2024-04-09T14:55:27+00:00","dateModified":"2025-11-25T19:29:52+00:00","breadcrumb":{"@id":"https:\/\/reverterindustries.com\/ca\/politica-de-privadesa\/#breadcrumb"},"inLanguage":"ca","potentialAction":[{"@type":"ReadAction","target":["https:\/\/reverterindustries.com\/ca\/politica-de-privadesa\/"]}]},{"@type":"BreadcrumbList","@id":"https:\/\/reverterindustries.com\/ca\/politica-de-privadesa\/#breadcrumb","itemListElement":[{"@type":"ListItem","position":1,"name":"Portada","item":"https:\/\/reverterindustries.com\/ca\/"},{"@type":"ListItem","position":2,"name":"Pol\u00edtica de Privadesa"}]},{"@type":"WebSite","@id":"https:\/\/reverterindustries.com\/ca\/#website","url":"https:\/\/reverterindustries.com\/ca\/","name":"Reverter Industries","description":"","potentialAction":[{"@type":"SearchAction","target":{"@type":"EntryPoint","urlTemplate":"https:\/\/reverterindustries.com\/ca\/?s={search_term_string}"},"query-input":{"@type":"PropertyValueSpecification","valueRequired":true,"valueName":"search_term_string"}}],"inLanguage":"ca"}]}},"_links":{"self":[{"href":"https:\/\/reverterindustries.com\/ca\/wp-json\/wp\/v2\/pages\/1279","targetHints":{"allow":["GET"]}}],"collection":[{"href":"https:\/\/reverterindustries.com\/ca\/wp-json\/wp\/v2\/pages"}],"about":[{"href":"https:\/\/reverterindustries.com\/ca\/wp-json\/wp\/v2\/types\/page"}],"author":[{"embeddable":true,"href":"https:\/\/reverterindustries.com\/ca\/wp-json\/wp\/v2\/users\/3"}],"replies":[{"embeddable":true,"href":"https:\/\/reverterindustries.com\/ca\/wp-json\/wp\/v2\/comments?post=1279"}],"version-history":[{"count":0,"href":"https:\/\/reverterindustries.com\/ca\/wp-json\/wp\/v2\/pages\/1279\/revisions"}],"wp:attachment":[{"href":"https:\/\/reverterindustries.com\/ca\/wp-json\/wp\/v2\/media?parent=1279"}],"curies":[{"name":"wp","href":"https:\/\/api.w.org\/{rel}","templated":true}]}}